{"id":64,"date":"2013-11-02T15:31:47","date_gmt":"2013-11-02T17:31:47","guid":{"rendered":"http:\/\/becodorosario.wordpress.com\/?page_id=64"},"modified":"2013-11-02T15:31:47","modified_gmt":"2013-11-02T17:31:47","slug":"fontes","status":"publish","type":"page","link":"https:\/\/www.analuizakoehler.com\/becodorosario\/fontes\/","title":{"rendered":"Bibliografia &#038; Fontes"},"content":{"rendered":"<p>AUG\u00c9, Marc. <em>N\u00e3o-lugares: introdu\u00e7\u00e3o a uma antropologia da supermodernidade<\/em>. Campinas \u2013 S\u00e3o Paulo: Papirus, 1994.<\/p>\n<p>AZEVEDO, Alu\u00edsio de. <em>O corti\u00e7o.<\/em> Portal Dom\u00ednio P\u00fablico, Funda\u00e7\u00e3o Biblioteca Nacional. Dispon\u00edvel em http:\/\/www.dominiopublico.gov.br\/download\/texto\/bn000003.pdf Acessado em 14\/02\/2015.<\/p>\n<p>BACHELARD, Gaston. <em>A forma\u00e7\u00e3o do esp\u00edrito cient\u00edfico: contribui\u00e7\u00e3o para uma psican\u00e1lise do conhecimento.<\/em> Rio de Janeiro: Contraponto, 1996.<\/p>\n<p>BAKOS, Margaret Marchiori. <em>Eternos intendentes de Porto Alegre.<\/em> Dispon\u00edvel em http:\/\/cdn.fee.tche.br\/jornadas\/1\/s11a7.pdf [acessado em 03\/02\/2015] p. 2.<\/p>\n<p>BARRETO, Lima. <em>Recorda\u00e7\u00f5es do Escriv\u00e3o Isa\u00edas Caminha.<\/em> S\u00e3o Paulo: \u00c1tica, 1995. Dispon\u00edvel em: A Biblioteca Virtual do Estudante Brasileiro [http:\/\/www.bibvirt.futuro.usp.br]<\/p>\n<p>BARRETO, Lima. <em>Triste fim de Policarpo Quaresma.<\/em> Minist\u00e9rio da Cultura: Funda\u00e7\u00e3o Biblioteca Nacional, Departamento Nacional do Livro. Vers\u00e3o para eBook por eBookCult.com.br<\/p>\n<p>BECKER, Howard S. <em>Falando sobre sociedade.<\/em> In: M\u00e9todos de pesquisa em ci\u00eancias sociais. S\u00e3o Paulo: Ed. Hucitec, 1999.<\/p>\n<p>BEDNARZ, Adriana Maria Laste. <em>Beco da desordem: rua 3 de novembro e as reformas urbanas na administra\u00e7\u00e3o de Jos\u00e9 Loureiro da Silva (1937-1943).<\/em> Monografia apresentada como requisito \u00e0 obten\u00e7\u00e3o de bacharel em Hist\u00f3ria pela Universidade Federal do Rio Grande do Sul, Profa. orientadora: Profa. Dra. Claudia Mauch. Porto Alegre, 2011. Dispon\u00edvel em http:\/\/www.lume.ufrgs.br\/bitstream\/handle\/10183\/36994\/000818534.pdf?sequence=1<\/p>\n<p>BENEVOLO, Leonardo. <em>Hist\u00f3ria da Cidade.<\/em> S\u00e3o Paulo: Editora Perspectiva, 1999.<\/p>\n<p>BENJAMIN, Walter. <em>Magia e t\u00e9cnica, arte e pol\u00edtica: ensaios sobre literatura e hist\u00f3ria da cultura.<\/em> S\u00e3o Paulo: Brasiliense, 1994.<\/p>\n<p>BOHRER, Felipe Rodrigues. <em>Breves considera\u00e7\u00f5es sobre os territ\u00f3rios negros urbanos de Porto Alegre na P\u00f3s-Aboli\u00e7\u00e3o.<\/em>\u00a0In \u201cIluminuras\u201d, Porto Alegre, v. 12, n. 29, p. 121-152, jul\/dez. 2011.<\/p>\n<p>BOLLE, Willi. <em>Fisiognomia da metr\u00f3pole moderna: representa\u00e7\u00e3o da Hist\u00f3ria em Walter Benjamin.<\/em> S\u00e3o Paulo: Editora da Universidade de S\u00e3o Paulo, 1994.<\/p>\n<p>BOURDIEU, Pierre. <em>Of\u00edcio de Soci\u00f3logo: metodologia da pesquisa na sociologia.<\/em> Petr\u00f3polis, RJ: Vozes, 2007.<\/p>\n<p>BUENO, Beatriz Picolloto Siqueira. <em>Particularidades do processo de coloniza\u00e7\u00e3o da Am\u00e9rica espanhola e portuguesa.<\/em> In: Anais do IV Semin\u00e1rio de Hist\u00f3ria da Cidade e do Urbanismo. Rio de Janeiro, 1997.<\/p>\n<p>BURKE, Peter. <em>Testemunha ocular: hist\u00f3ria e imagem.<\/em> Bauru, SP: EDUSC, 2004.<\/p>\n<p>CARVALHO, Lia de Aquino. <em>Contribui\u00e7\u00e3o ao estudo das habita\u00e7\u00f5es populares: Rio de Janeiro: 1866-1906.<\/em> In: ROCHA, Oswaldo Porto. A era das demoli\u00e7\u00f5es: cidade do Rio de Janeiro: 1870-1920. Rio de Janeiro: Secretaria Municipal de Cultura, Dep. Geral de Doc. e Inf. Cultural. Divis\u00e3o de Editora\u00e7\u00e3o, 1995.<\/p>\n<p>CHALHOUB, Sidney. <em>Cidade Febril: corti\u00e7os e epidemias na Corte imperial.<\/em> S\u00e3o Paulo: Companhia das Letras, 1996.<\/p>\n<p>CORUJA, Ant\u00f4nio \u00c1lvares Pereira. <em>Antigualhas, Reminesc\u00eancias de Porto Alegre.<\/em> Porto Alegre: Companhia Uni\u00e3o de Seguros Gerais, 1983 [1881].<\/p>\n<p>FIALHO, Daniela Marzola. <em>Cidades vis\u00edveis: para uma hist\u00f3ria da cartografia como documento de identidade urbana.<\/em> Tese (doutorado) \u2013 Universidade Federal do Rio Grande do Sul, Instituto de Filosofia e Ci\u00eancias Humanas. Programa de P\u00f3s-Gradua\u00e7\u00e3o em Hist\u00f3ria. Porto Alegre, 2010.<\/p>\n<p>FRANCO, S\u00e9rgio da Costa. <em>Porto Alegre: guia hist\u00f3rico.<\/em> Porto Alegre; Ed. da Universidade\/UFRGS, 1988.<\/p>\n<p>FREYRE, Gilberto. <em>Casa-grande e senzala: forma\u00e7\u00e3o da fam\u00edlia brasileira sob o regime da economia patriarcal.<\/em> S\u00e3o Paulo: Global, 2006.<\/p>\n<p>FREYRE, Gilberto. <em>Sobrados e Mucambos: a decad\u00eancia do patriarcado e desenvolvimento do urbano.<\/em> S\u00e3o Paulo: Global, 2006.<\/p>\n<p>GINZBURG, Carlo.<em> Ra\u00edzes de um paradigma indici\u00e1rio.<\/em> In Mitos, Emblemas e Sinais: Morfologia e Hist\u00f3ria. S\u00e3o Paulo: Cia. das Letras, 1999.<\/p>\n<p>LE GOFF, Jacques. <em>Hist\u00f3ria e mem\u00f3ria.<\/em> Campinas, SP: Editora da UNICAMP, 1994.<\/p>\n<p>KATZMAN, Ruben. <em>Seducidos y abandonados: el aislamiento social de los pobres urbanos.<\/em> Revista de la CEPAL Nr. 75, diciembre 2001, pp. 171- 189.<\/p>\n<p>KERSTING, Eduardo. <em>Ind\u00edcios em representa\u00e7\u00f5es: denomina\u00e7\u00f5es em torno da Col\u00f4nia Africana.<\/em> Porto Alegre: Revista Anos 90, n. 9, Julho de 1998, pp. 150-164.<\/p>\n<p>KRAWCZYK, Fl\u00e1vio. <em>Paisagens silenciosas: Porto Alegre na Pinacoteca Aldo Locatelli.<\/em>\u00a0In: POSSAMAI, Zita Rosane (org.) <em>Leituras da Cidade.<\/em> Porto Alegre: Evangraf, 2010.<\/p>\n<p>LAMAS, Jos\u00e9 M. Ressano Garcia. <em>Morfologia urbana e desenho da cidade.<\/em> Lisboa: Funda\u00e7\u00e3o Calouste Gulbenkian, 1993.<\/p>\n<p>LEENHARDT, <em>Jacques. Sensibilidade e sociabilidade.<\/em> In: RAMOS, Alcides Freire; MATOS, Maria Izilda Santos de; PATRIOTA, Rosangela. <em>Olhares sobre a Hist\u00f3ria: Culturas, Sensibilidades, Sociabilidades.<\/em> S\u00e3o Paulo: Ed. Hucitec, 2010. (p. 27-35)<\/p>\n<p>LEMOS, Carlos A. C. <em>A Rep\u00fablica ensina a morar (melhor)<\/em>. S\u00e3o Paulo: Editora HUCITEC, 1999.<\/p>\n<p>L\u00d6WY, Michael. <em>Walter Benjamin: aviso de inc\u00eandio: uma leitura das teses \u201cSobre o conceito de hist\u00f3ria\u201d.<\/em> S\u00e3o Paulo: Boitempo, 2005.<\/p>\n<p>MACIEL, Jo\u00e3o Moreira. <em>Relat\u00f3rio do projeto de melhoramentos e or\u00e7amentos.<\/em> Porto Alegre: Officinas Graphicas d&#8217;A Federa\u00e7\u00e3o, 1927.<\/p>\n<p>MAZERON, Gaston Hasslocher. <em>Reminisc\u00eancias de Porto Alegre.<\/em> Porto Alegre: Selbach, 1974 [?].<\/p>\n<p>MAUCH, Claudia. [org.] <em>Porto Alegre na virada do s\u00e9culo 19: cultura e sociedade.<\/em>\/ colab. Claudia Mauch&#8230; [et. al.] &#8211; Porto Alegre\/Canoas\/S\u00e3o Leopoldo: Ed. Universidade\/UFRGS\/ Ed. ULBRA\/Ed. UNISINOS, 1994.<\/p>\n<p>MENDES, Francisco Roberval; VER\u00cdSSIMO, Francisco; BITTAR, William. <em>Arquitetura no Brasil: de Cabral a D. Jo\u00e3o VI.<\/em> Rio de Janeiro: Imperial Novo Mil\u00eanio, 2011.<\/p>\n<p>MONTEIRO, Charles. <em>Porto Alegre: urbaniza\u00e7\u00e3o e modernidade: a constru\u00e7\u00e3o social do espa\u00e7o urbano.<\/em> Porto Alegre: EDIPUCRS, 1995.<\/p>\n<p>MOUTINHO, M\u00e1rio C. <em>A Arquitectura popular portuguesa.\u00a0<\/em>Lisboa: Editorial Estampa, 1979.<\/p>\n<p>OLIVEIRA, Clovis Silveira de. <em>Porto Alegre: a cidade e sua forma\u00e7\u00e3o.<\/em> Porto Alegre: Gr\u00e1fica e Editora Norma, 1985.<\/p>\n<p>PESAVENTO, Sandra. <em>O espeta\u0301culo da rua.<\/em> Porto Alegre: Editora da Universidade, 1992.<\/p>\n<p>PESAVENTO, Sandra Jatahy. <em>Em busca de uma outra hist\u00f3ria: imaginando o imagin\u00e1rio.<\/em> S\u00e3o Paulo: Revista Brasileira de Hist\u00f3ria, v. 15, nr. 29, pp. 9-22, 1995a.<\/p>\n<p>PESAVENTO, Sandra Jatahy. <em>O desfazer da ordem fetichizada: Walter Benjamin e o imagin\u00e1rio social.<\/em> In: Cultura Vozes, N\u00b0 5, Setembro-Outubro 1995b.<\/p>\n<p>PESAVENTO, Sandra Jatahy. <em>Os pobres da cidade: vida e trabalho \u2013 1880-1920.<\/em> 2.ed. &#8211; Porto Alegre: Ed. Universidade\/UFRGS, 1998.<\/p>\n<p>PESAVENTO, Sandra Jatahy. <em>Em busca da cidade perdida.<\/em> Proposta de pesquisa, 1999a.<\/p>\n<p>PESAVENTO, Sandra Jatahy.<em> Lugares malditos: a cidade do &#8220;outro&#8221; no sul brasileiro: Porto Alegre, passagem do se\u0301culo XIX ao se\u0301culo XX.<\/em> Revista Brasileira de Histo\u0301ria, 1999b, vol. 19, no 37, p.195-216. Disponi\u0301vel em: http:\/\/www.scielo.br\/scielo.php?script=sci_arttext&amp;pid=S0102- 01881999000100010&amp;lng=en&amp;nrm=iso.<\/p>\n<p>PESAVENTO, Sandra Jatahy. <em>Mem\u00f3ria Porto Alegre \u2013 Espa\u00e7os e Viv\u00eancias.<\/em> 2.ed. &#8211; Porto Alegre: Ed. Universidade\/UFRGS, 1999c.<\/p>\n<p>PESAVENTO, Sandra Jatahy. <em>O imagin\u00e1rio da cidade: vis\u00f5es liter\u00e1rias do urbano &#8211; Paris, Rio de Janeiro, Porto Alegre.<\/em> Porto Alegre: Ed. Universidade\/UFRGS, 1999d.<\/p>\n<p>PESAVENTO, Sandra Jatahy. <em>Era uma vez o beco: origens de um mau lugar.<\/em> In: BRESCIANI, Maria Stella (org.). <em>Palavras da cidade.<\/em> Porto Alegre: Ed. Universidade\/UFRGS, 2001a.<\/p>\n<p>PESAVENTO, Sandra Jatahy. <em>Uma outra cidade: o mundo dos exclu\u00eddos no final do s\u00e9culo XIX.<\/em> S\u00e3o Paulo: 2001b. (Brasiliana Novos Estudos; 5)<\/p>\n<p>PESAVENTO, Sandra Jatahy. <em>Hist\u00f3ria e Hist\u00f3ria Cultural.<\/em> Belo Horizonte: Aut\u00eantica, 2003.<\/p>\n<p>PESAVENTO, Sandra Jatahy.<em> Cidade, espa\u00e7o e tempo: reflex\u00f5es sobre a mem\u00f3ria e o patrim\u00f4nio urbano.<\/em> Cadernos do LEPAARQ &#8211; Textos de Antropologia, Arqueologia e Patrim\u00f4nio. v. II, n\u00ba 4, Pelotas, RS: Editora da UFPel. Ago\/Dez. 2005. Dispon\u00edvel em: http:\/\/periodicos.ufpel.edu.br\/ojs2\/index.php\/lepaarq\/article\/viewFile\/893\/873<\/p>\n<p>PESAVENTO, Sandra Jatahy. <em>Cidades visi\u0301veis, cidades sensi\u0301veis, cidades imagina\u0301rias.<\/em> Revista Brasileira de Histo\u0301ria. Sa\u0303o Paulo: vol. 27, no 53, jun 2007. Disponi\u0301vel em: http:\/\/www.scielo.br\/scielo.php?script=sci_issuetoc&amp;pid=0102- 018820070001&amp;lng=en&amp;nrm=iso.<\/p>\n<p>PESAVENTO, Sandra Jatahy. <em>Os sete pecados da capital.<\/em> S\u00e3o Paulo: Hucitec, 2008.<\/p>\n<p>PESAVENTO, Sandra Jatahy. <em>Vis\u00f5es do C\u00e1rcere.<\/em> Porto Alegre: Zouk, 2009.<\/p>\n<p><em>Porto Alegre: Biografia duma Cidade.<\/em> Ed. Tipografia do Centro S\/A. Porto Alegre, 1941.<\/p>\n<p>PORTO ALEGRE, Achylles. <em>Hist\u00f3ria Popular de Porto Alegre<\/em>. Porto Alegre: s.e. 1940.<\/p>\n<p>POSSAMAI, Zita Rosane. <em>Cidade fotografada: mem\u00f3ria e esquecimento nos \u00e1lbuns fotogr\u00e1ficos \u2013 Porto Alegre, d\u00e9cadas de 1920 e 1930.<\/em> Tese apresentada ao Programa de P\u00f3s-Gradua\u00e7\u00e3o em Hist\u00f3ria do Instituto de Filosofia e Ci\u00eancias Humanas da Universidade Federal do Rio Grande do Sul, como requisito parcial para a obten\u00e7\u00e3o do t\u00edtulo de Doutor em Hist\u00f3ria.Orientadora: Profa. Dra. Sandra Jatahy Pesavento. Porto Alegre: 2005.<\/p>\n<p>POSSAMAI, Zita (org.). <em>Leituras da cidade.<\/em> Porto Alegre: Evangraf, 2010.<\/p>\n<p>REIS, Nestor Goulart. <em>Contribui\u00e7\u00e3o ao estudo da evolu\u00e7\u00e3o urbana do Brasil (1500\/1750).<\/em> 2\u00aa edi\u00e7\u00e3o revisada e ampliada. S\u00e3o Paulo: Pini, 2000.<\/p>\n<p>REIS FILHO, Nestor Goulart. <em>Quadro da arquitetura no Brasil.<\/em> S\u00e3o Paulo: Perspectiva, 2006.<\/p>\n<p>ROSSI, Aldo.<em> A arquitetura da cidade.<\/em> Lisboa: Edi\u00e7\u00f5es Cosmos, 1977.<\/p>\n<p>RUSCHEL, Nilo. <em>Rua da Praia.<\/em> Porto Alegre, s.e. 1971.<\/p>\n<p>SANTO, Qorpo. <em>Hoje sou um; e amanh\u00e3 outro.<\/em> Biblio.com.br, A Biblioteca Virtual de Literatura.[Dispon\u00edvel em: http:\/\/www.dominiopublico.gov.br\/download\/texto\/bi000199.pdf]<\/p>\n<p>SANTOS, Irene (org.). <i>Colonos e Quilombolas: mem\u00f3ria fotogr\u00e1fica das col\u00f4nias africanas de Porto Alegre.<\/i> Porto Alegre, 2010.<\/p>\n<p>SCHWARCZ, Lilia Moritz (coord.). <em>A abertura para o mundo: 1889-1930.<\/em> Cole\u00e7\u00e3o<em> Hist\u00f3ria do Brasil na\u00e7\u00e3o 1808-2010<\/em>: 3. Rio de Janeiro: Objetiva, 2012.<\/p>\n<p>SEYFERTH, Giralda. <em>Construindo a na\u00e7\u00e3o: Hierarquias raciais e o papel do racismo na pol\u00edtica de Imigra\u00e7\u00e3o e Coloniza\u00e7\u00e3o.<\/em> In: Ra\u00e7a, Ci\u00eancia e Sociedade. Rio, Editora Fiocruz, CCBB, 1996. (pp. 41-58)<\/p>\n<p>SYMANSKI, Lu\u00eds Cl\u00e1udio Pereira. <em>Espa\u00e7o privado e vida material em Porto Alegre no s\u00e9culo XIX.<\/em> Porto Alegre: EDIPUCRS, 1998.<\/p>\n<p>SOUZA, C\u00e9lia Ferraz de. <em>Porto Alegre e sua evolu\u00e7\u00e3o urbana.<\/em>\/C\u00e9lia Ferraz de Souza e D\u00f3ris M\u00fcller. Porto Alegre: Ed. Universidade\/UFRGS, 1997.<\/p>\n<p>SOUZA, C\u00e9lia Ferraz de. <em>Entre o saber e o poder : a implanta\u00e7\u00e3o do urbanismo e as especificidades locais no in\u00edcio do s\u00e9culo XX, em Porto Alegre<\/em>. In: Simp\u00f3sio\u00a0<em>A arquitetura da Cidade nas Am\u00e9ricas : di\u00e1logos contempor\u00e2neos entre o local e o global\u00a0<\/em> (2006 jul. 17-21 : Sevilha, Espanha). Ed. PGAU-Cidade, UFSC, 2006. p. 1-18<\/p>\n<p>SOUZA, C\u00e9lia Ferraz de. <em>Os prim\u00f3rdios do urbanismo moderno : Porto Alegre na administra\u00e7\u00e3o Ot\u00e1vio Rocha<\/em>. In: SHCU 1990 &#8211; 2008 : <em>Semin\u00e1rio de Hist\u00f3ria da Cidade e do Urbanismo<\/em>. Bureau Brasileiro, [2008]. p. 1-15<\/p>\n<p>SOUZA, C\u00e9lia Ferraz de. <em>Plano Geral de Melhoramentos de Porto Alegre: o plano que orientou a moderniza\u00e7\u00e3o da cidade.<\/em> 2. Edi\u00e7\u00e3o revisada e ampliada. \u2013 Porto Alegre: Armaz\u00e9m Digital, 2010.<\/p>\n<p>SOUZA, C\u00e9lia Ferraz de.<em> Perman\u00eancias e rupturas estruturais na cidade do urbanismo plural &#8211; um percurso em Porto Alegre.<\/em> In: OLIVEIRA, Lisete Assen de, SILVA, Gilc\u00e9ia Pesce do Amaral e, ROSSETTO, Adriana Marques (Orgs.). <em>Arquitetura da cidade contempor\u00e2nea : centralidade, estrutura e pol\u00edticas p\u00fablicas.\u00a0<\/em>Itaja\u00ed : UNIVALI, 2011. ISBN 9788576960768 p. 119-142 : il.<\/p>\n<p>SPALDING, Walter. <em>Pequena Hist\u00f3ria de Porto Alegre.<\/em> Porto Alegre: Sulina, 1967.<\/p>\n<p>STROHAECKER, Ta\u0302nia Marques. <em>Atuac\u0327a\u0303o do pu\u0301blico e do privado na estruturac\u0327a\u0303o do mercado de terras de Porto Alegre (1890-1950)<\/em>. Scripta Nova: revista electro\u0301nica de geografi\u0301a y ciencias sociales. Barcelona: Universidad de Barcelona, 1 de agosto de 2005, vol. IX, nu\u0301m. 194 (13). Disponi\u0301vel em: &lt;http:\/\/www.ub.es\/geocrit\/sn\/sn-194-13.htm&gt; Acesso em: nov. 2007.<\/p>\n<p>TEIXEIRA, Manuel C., e VALLA, Margarida. <em>O urbanismo portugu\u00eas: s\u00e9culos XIII-XVIII, Portugal-Brasil.<\/em> Livros Horizonte, 1999.<\/p>\n<p>UBATUBA DE FARIA, Luiz Arthur; PAIVA, Edvaldo Pereira. <em>Contribui\u00e7\u00e3o ao estudo da urbaniza\u00e7\u00e3o de Porto Alegre.<\/em> Porto Alegre: mimeo., 1938\/ Introdu\u00e7\u00e3o; I \u2013A evolu\u00e7\u00e3o da cidade de Porto Alegre; II \u2013As linhas gerais do plano diretor; III \u2013O plano de avenidas; pp. 1-86.<\/p>\n<p>VARGAS, Anderson Zalewski. <em>Moralidade, autoritarismo e controle social em Porto Alegre na virada do s\u00e9culo 19.<\/em> In: <em>Porto Alegre na virada do s\u00e9culo 19: cultura e sociedade.<\/em>\/ colab. Claudia Mauch&#8230; [et. al.] &#8211; Porto Alegre\/Canoas\/S\u00e3o Leopoldo: Ed. Universidade\/UFRGS\/ Ed. ULBRA\/Ed. UNISINOS, 1994.<\/p>\n<p>VELLOSO, M\u00f4nica Pimenta. <em>As tias baianas tomam conta do peda\u00e7o: Espa\u00e7o e identidade cultural no Rio de Janeiro.<\/em> Rio de Janeiro: Estudos Hist\u00f3ricos, vol. 3, n. 6, 1990, p. 207-228.<\/p>\n<p>VER\u00cdSSIMO, Francisco Salvador. <em>500 anos da casa no Brasil.<\/em> Rio de Janeiro: Ediouro, 1999.<\/p>\n<p>VILASBOAS, Ilma Silva; BITTENCOURT J\u00daNIOR, Iosvaldyr Carvalho; SOUZA, Vin\u00edcius Vieira de. <em>Museu de percurso do negro em Porto Alegre.<\/em> Ed. Porto Alegre: Vin\u00edcius Vieira de Souza, 2010.<\/p>\n<p>VIVEIROS Filho, Francisco Fuzzetti de. <em>Urbanidade do Sobrado: um estudo sobre a arquitetura de sobrado de S\u00e3o Lu\u00eds.<\/em> S\u00e3o Paulo: Hucitec, 2006.<\/p>\n","protected":false},"excerpt":{"rendered":"<p>AUG\u00c9, Marc. N\u00e3o-lugares: introdu\u00e7\u00e3o a uma antropologia da supermodernidade. Campinas \u2013 S\u00e3o Paulo: Papirus, 1994. AZEVEDO, Alu\u00edsio de. O corti\u00e7o. Portal Dom\u00ednio P\u00fablico, Funda\u00e7\u00e3o Biblioteca Nacional. Dispon\u00edvel em http:\/\/www.dominiopublico.gov.br\/download\/texto\/bn000003.pdf Acessado em 14\/02\/2015. BACHELARD, Gaston. A forma\u00e7\u00e3o do esp\u00edrito cient\u00edfico: contribui\u00e7\u00e3o para uma psican\u00e1lise do conhecimento. Rio de Janeiro: Contraponto, 1996. BAKOS, Margaret Marchiori. Eternos intendentes [&hellip;]<\/p>\n","protected":false},"author":2,"featured_media":0,"parent":0,"menu_order":5,"comment_status":"open","ping_status":"open","template":"","meta":{"ngg_post_thumbnail":0,"footnotes":""},"class_list":["post-64","page","type-page","status-publish","hentry","entry-image--landscape"],"_links":{"self":[{"href":"https:\/\/www.analuizakoehler.com\/becodorosario\/wp-json\/wp\/v2\/pages\/64","targetHints":{"allow":["GET"]}}],"collection":[{"href":"https:\/\/www.analuizakoehler.com\/becodorosario\/wp-json\/wp\/v2\/pages"}],"about":[{"href":"https:\/\/www.analuizakoehler.com\/becodorosario\/wp-json\/wp\/v2\/types\/page"}],"author":[{"embeddable":true,"href":"https:\/\/www.analuizakoehler.com\/becodorosario\/wp-json\/wp\/v2\/users\/2"}],"replies":[{"embeddable":true,"href":"https:\/\/www.analuizakoehler.com\/becodorosario\/wp-json\/wp\/v2\/comments?post=64"}],"version-history":[{"count":0,"href":"https:\/\/www.analuizakoehler.com\/becodorosario\/wp-json\/wp\/v2\/pages\/64\/revisions"}],"wp:attachment":[{"href":"https:\/\/www.analuizakoehler.com\/becodorosario\/wp-json\/wp\/v2\/media?parent=64"}],"curies":[{"name":"wp","href":"https:\/\/api.w.org\/{rel}","templated":true}]}}