{"id":5792,"date":"2023-05-11T23:00:49","date_gmt":"2023-05-12T02:00:49","guid":{"rendered":"https:\/\/www.analuizakoehler.com\/becodorosario\/?page_id=5792"},"modified":"2024-03-18T11:08:01","modified_gmt":"2024-03-18T14:08:01","slug":"english-excerpt-extratait-en-francais","status":"publish","type":"page","link":"https:\/\/www.analuizakoehler.com\/becodorosario\/english-excerpt-extratait-en-francais\/","title":{"rendered":"English excerpt &#038; extrait en Fran\u00e7ais"},"content":{"rendered":"<p style=\"text-align: center;\"><a href=\"https:\/\/drive.google.com\/file\/d\/1q5YFV_96ZBLKf55GZBUPTt42gtt0liUl\/view?usp=share_link\"><img loading=\"lazy\" decoding=\"async\" class=\"aligncenter wp-image-5793\" src=\"https:\/\/www.analuizakoehler.com\/becodorosario\/wp-content\/uploads\/2023\/05\/01-Capa-traducoes-Beco-do-Rosario_-ENG_w-768x1024.jpg\" alt=\"\" width=\"357\" height=\"476\" srcset=\"https:\/\/www.analuizakoehler.com\/becodorosario\/wp-content\/uploads\/2023\/05\/01-Capa-traducoes-Beco-do-Rosario_-ENG_w-768x1024.jpg 768w, https:\/\/www.analuizakoehler.com\/becodorosario\/wp-content\/uploads\/2023\/05\/01-Capa-traducoes-Beco-do-Rosario_-ENG_w-225x300.jpg 225w, https:\/\/www.analuizakoehler.com\/becodorosario\/wp-content\/uploads\/2023\/05\/01-Capa-traducoes-Beco-do-Rosario_-ENG_w-1152x1536.jpg 1152w, https:\/\/www.analuizakoehler.com\/becodorosario\/wp-content\/uploads\/2023\/05\/01-Capa-traducoes-Beco-do-Rosario_-ENG_w-1536x2048.jpg 1536w, https:\/\/www.analuizakoehler.com\/becodorosario\/wp-content\/uploads\/2023\/05\/01-Capa-traducoes-Beco-do-Rosario_-ENG_w-8x10.jpg 8w, https:\/\/www.analuizakoehler.com\/becodorosario\/wp-content\/uploads\/2023\/05\/01-Capa-traducoes-Beco-do-Rosario_-ENG_w-432x576.jpg 432w, https:\/\/www.analuizakoehler.com\/becodorosario\/wp-content\/uploads\/2023\/05\/01-Capa-traducoes-Beco-do-Rosario_-ENG_w-396x528.jpg 396w, https:\/\/www.analuizakoehler.com\/becodorosario\/wp-content\/uploads\/2023\/05\/01-Capa-traducoes-Beco-do-Rosario_-ENG_w-1120x1493.jpg 1120w, https:\/\/www.analuizakoehler.com\/becodorosario\/wp-content\/uploads\/2023\/05\/01-Capa-traducoes-Beco-do-Rosario_-ENG_w-660x880.jpg 660w, https:\/\/www.analuizakoehler.com\/becodorosario\/wp-content\/uploads\/2023\/05\/01-Capa-traducoes-Beco-do-Rosario_-ENG_w-165x220.jpg 165w, https:\/\/www.analuizakoehler.com\/becodorosario\/wp-content\/uploads\/2023\/05\/01-Capa-traducoes-Beco-do-Rosario_-ENG_w.jpg 1654w\" sizes=\"auto, (max-width: 600px) 91vw, (max-width: 900px) 600px, (max-width: 1060px) 50vw, (max-width: 1200px) 520px, (max-width: 1400px) 43vw, 600px\" \/><\/a><\/p>\n<p style=\"text-align: center;\"><span style=\"color: #993366;\"><strong><a style=\"color: #993366;\" href=\"https:\/\/drive.google.com\/file\/d\/18b-T7V8yovIYo6SARLaRw9S-U1DQMUqn\/view?usp=sharing\" target=\"_blank\" rel=\"noopener\">English excerpt &#8211; donwload here<\/a><\/strong><\/span><\/p>\n<p style=\"text-align: center;\"><a href=\"https:\/\/drive.google.com\/file\/d\/1Pw0pPO_hB4EjRd-5lLkV7C5WQx1RARct\/view?usp=share_link\"><img loading=\"lazy\" decoding=\"async\" class=\"aligncenter wp-image-5801\" src=\"https:\/\/www.analuizakoehler.com\/becodorosario\/wp-content\/uploads\/2023\/05\/01-Capa-traducoes-Beco-do-Rosario_-FR-768x1024.jpg\" alt=\"\" width=\"357\" height=\"476\" srcset=\"https:\/\/www.analuizakoehler.com\/becodorosario\/wp-content\/uploads\/2023\/05\/01-Capa-traducoes-Beco-do-Rosario_-FR-768x1024.jpg 768w, https:\/\/www.analuizakoehler.com\/becodorosario\/wp-content\/uploads\/2023\/05\/01-Capa-traducoes-Beco-do-Rosario_-FR-225x300.jpg 225w, https:\/\/www.analuizakoehler.com\/becodorosario\/wp-content\/uploads\/2023\/05\/01-Capa-traducoes-Beco-do-Rosario_-FR-1152x1536.jpg 1152w, https:\/\/www.analuizakoehler.com\/becodorosario\/wp-content\/uploads\/2023\/05\/01-Capa-traducoes-Beco-do-Rosario_-FR-1536x2048.jpg 1536w, https:\/\/www.analuizakoehler.com\/becodorosario\/wp-content\/uploads\/2023\/05\/01-Capa-traducoes-Beco-do-Rosario_-FR-8x10.jpg 8w, https:\/\/www.analuizakoehler.com\/becodorosario\/wp-content\/uploads\/2023\/05\/01-Capa-traducoes-Beco-do-Rosario_-FR-432x576.jpg 432w, https:\/\/www.analuizakoehler.com\/becodorosario\/wp-content\/uploads\/2023\/05\/01-Capa-traducoes-Beco-do-Rosario_-FR-396x528.jpg 396w, https:\/\/www.analuizakoehler.com\/becodorosario\/wp-content\/uploads\/2023\/05\/01-Capa-traducoes-Beco-do-Rosario_-FR-1120x1493.jpg 1120w, https:\/\/www.analuizakoehler.com\/becodorosario\/wp-content\/uploads\/2023\/05\/01-Capa-traducoes-Beco-do-Rosario_-FR-660x880.jpg 660w, https:\/\/www.analuizakoehler.com\/becodorosario\/wp-content\/uploads\/2023\/05\/01-Capa-traducoes-Beco-do-Rosario_-FR-165x220.jpg 165w, https:\/\/www.analuizakoehler.com\/becodorosario\/wp-content\/uploads\/2023\/05\/01-Capa-traducoes-Beco-do-Rosario_-FR.jpg 1654w\" sizes=\"auto, (max-width: 600px) 91vw, (max-width: 900px) 600px, (max-width: 1060px) 50vw, (max-width: 1200px) 520px, (max-width: 1400px) 43vw, 600px\" \/><\/a><span style=\"color: #800000;\"><a style=\"color: #800000;\" href=\"https:\/\/drive.google.com\/file\/d\/1KcL7wj7o8ALWVPNTU0xTMKGAvw-GUf4T\/view?usp=sharing\" target=\"_blank\" rel=\"noopener\"><strong>Extrait en fran\u00e7ais &#8211; t\u00e9l\u00e9chargez ici<\/strong><\/a><\/span><\/p>\n","protected":false},"excerpt":{"rendered":"<p>English excerpt &#8211; donwload here Extrait en fran\u00e7ais &#8211; t\u00e9l\u00e9chargez ici<\/p>\n","protected":false},"author":2,"featured_media":0,"parent":0,"menu_order":0,"comment_status":"closed","ping_status":"closed","template":"","meta":{"ngg_post_thumbnail":0,"footnotes":""},"class_list":["post-5792","page","type-page","status-publish","hentry","entry-image--landscape"],"_links":{"self":[{"href":"https:\/\/www.analuizakoehler.com\/becodorosario\/wp-json\/wp\/v2\/pages\/5792","targetHints":{"allow":["GET"]}}],"collection":[{"href":"https:\/\/www.analuizakoehler.com\/becodorosario\/wp-json\/wp\/v2\/pages"}],"about":[{"href":"https:\/\/www.analuizakoehler.com\/becodorosario\/wp-json\/wp\/v2\/types\/page"}],"author":[{"embeddable":true,"href":"https:\/\/www.analuizakoehler.com\/becodorosario\/wp-json\/wp\/v2\/users\/2"}],"replies":[{"embeddable":true,"href":"https:\/\/www.analuizakoehler.com\/becodorosario\/wp-json\/wp\/v2\/comments?post=5792"}],"version-history":[{"count":11,"href":"https:\/\/www.analuizakoehler.com\/becodorosario\/wp-json\/wp\/v2\/pages\/5792\/revisions"}],"predecessor-version":[{"id":6185,"href":"https:\/\/www.analuizakoehler.com\/becodorosario\/wp-json\/wp\/v2\/pages\/5792\/revisions\/6185"}],"wp:attachment":[{"href":"https:\/\/www.analuizakoehler.com\/becodorosario\/wp-json\/wp\/v2\/media?parent=5792"}],"curies":[{"name":"wp","href":"https:\/\/api.w.org\/{rel}","templated":true}]}}