{"id":5685,"date":"2022-11-26T12:19:44","date_gmt":"2022-11-26T15:19:44","guid":{"rendered":"https:\/\/www.analuizakoehler.com\/becodorosario\/?page_id=5685"},"modified":"2022-11-26T13:28:29","modified_gmt":"2022-11-26T16:28:29","slug":"tracos-da-cidade","status":"publish","type":"page","link":"https:\/\/www.analuizakoehler.com\/becodorosario\/tracos-da-cidade\/","title":{"rendered":"Tra\u00e7os da Cidade"},"content":{"rendered":"<p><a href=\"https:\/\/www.analuizakoehler.com\/becodorosario\/wp-content\/uploads\/2022\/11\/Cabecalho-Tracos-da-Cidade-copiar.jpg\"><img loading=\"lazy\" decoding=\"async\" class=\"aligncenter size-full wp-image-5686\" src=\"https:\/\/www.analuizakoehler.com\/becodorosario\/wp-content\/uploads\/2022\/11\/Cabecalho-Tracos-da-Cidade-copiar.jpg\" alt=\"\" width=\"720\" height=\"400\" srcset=\"https:\/\/www.analuizakoehler.com\/becodorosario\/wp-content\/uploads\/2022\/11\/Cabecalho-Tracos-da-Cidade-copiar.jpg 720w, https:\/\/www.analuizakoehler.com\/becodorosario\/wp-content\/uploads\/2022\/11\/Cabecalho-Tracos-da-Cidade-copiar-300x167.jpg 300w, https:\/\/www.analuizakoehler.com\/becodorosario\/wp-content\/uploads\/2022\/11\/Cabecalho-Tracos-da-Cidade-copiar-10x6.jpg 10w, https:\/\/www.analuizakoehler.com\/becodorosario\/wp-content\/uploads\/2022\/11\/Cabecalho-Tracos-da-Cidade-copiar-432x240.jpg 432w, https:\/\/www.analuizakoehler.com\/becodorosario\/wp-content\/uploads\/2022\/11\/Cabecalho-Tracos-da-Cidade-copiar-396x220.jpg 396w, https:\/\/www.analuizakoehler.com\/becodorosario\/wp-content\/uploads\/2022\/11\/Cabecalho-Tracos-da-Cidade-copiar-660x367.jpg 660w\" sizes=\"auto, (max-width: 600px) 91vw, (max-width: 900px) 600px, (max-width: 1060px) 50vw, (max-width: 1200px) 520px, (max-width: 1400px) 43vw, 600px\" \/><\/a><\/p>\n<p><i data-redactor-tag=\"i\">Tra\u00e7o&nbsp;<\/i>\u00e9 desenho, mas tamb\u00e9m \u00e9 vest\u00edgio, e s\u00e3o esses dois sentidos da palavra que definem este projeto: contar a hist\u00f3ria da cidade, desenhada em quadrinhos, atrav\u00e9s dos seus vest\u00edgios.<\/p>\n<p>Em outras palavras, o que me proponho aqui \u00e9&nbsp;<strong data-redactor-tag=\"strong\">contar hist\u00f3rias da hist\u00f3ria de Porto Alegre em quadrinhos<\/strong>&nbsp;a partir de fotografias, jornais, livros, relat\u00f3rios, mem\u00f3rias, poesias<del data-redactor-tag=\"del\">,<\/del> e tantos outros tra\u00e7os guardados em seus acervos.&nbsp;<\/p>\n<p>Conhe\u00e7a mais do meu projeto de financiamento coletivo recorrente na plataforma Catarse <strong><a href=\"https:\/\/www.catarse.me\/tracosdacidade\" target=\"_blank\" rel=\"noopener\">aqui<\/a><\/strong>.<\/p>\n<div style=\"width: 660px;\" class=\"wp-video\"><!--[if lt IE 9]><script>document.createElement('video');<\/script><![endif]-->\n<video class=\"wp-video-shortcode\" id=\"video-5685-1\" width=\"660\" height=\"1467\" preload=\"metadata\" controls=\"controls\"><source type=\"video\/mp4\" src=\"https:\/\/www.analuizakoehler.com\/becodorosario\/wp-content\/uploads\/2022\/11\/screen-20221125-101304.mp4?_=1\" \/><a href=\"https:\/\/www.analuizakoehler.com\/becodorosario\/wp-content\/uploads\/2022\/11\/screen-20221125-101304.mp4\">https:\/\/www.analuizakoehler.com\/becodorosario\/wp-content\/uploads\/2022\/11\/screen-20221125-101304.mp4<\/a><\/video><\/div>\n","protected":false},"excerpt":{"rendered":"<p>Tra\u00e7o&nbsp;\u00e9 desenho, mas tamb\u00e9m \u00e9 vest\u00edgio, e s\u00e3o esses dois sentidos da palavra que definem este projeto: contar a hist\u00f3ria da cidade, desenhada em quadrinhos, atrav\u00e9s dos seus vest\u00edgios. Em outras palavras, o que me proponho aqui \u00e9&nbsp;contar hist\u00f3rias da hist\u00f3ria de Porto Alegre em quadrinhos&nbsp;a partir de fotografias, jornais, livros, relat\u00f3rios, mem\u00f3rias, poesias, e [&hellip;]<\/p>\n","protected":false},"author":2,"featured_media":5686,"parent":0,"menu_order":0,"comment_status":"closed","ping_status":"closed","template":"","meta":{"ngg_post_thumbnail":0,"footnotes":""},"class_list":["post-5685","page","type-page","status-publish","has-post-thumbnail","hentry","entry-image--landscape"],"_links":{"self":[{"href":"https:\/\/www.analuizakoehler.com\/becodorosario\/wp-json\/wp\/v2\/pages\/5685","targetHints":{"allow":["GET"]}}],"collection":[{"href":"https:\/\/www.analuizakoehler.com\/becodorosario\/wp-json\/wp\/v2\/pages"}],"about":[{"href":"https:\/\/www.analuizakoehler.com\/becodorosario\/wp-json\/wp\/v2\/types\/page"}],"author":[{"embeddable":true,"href":"https:\/\/www.analuizakoehler.com\/becodorosario\/wp-json\/wp\/v2\/users\/2"}],"replies":[{"embeddable":true,"href":"https:\/\/www.analuizakoehler.com\/becodorosario\/wp-json\/wp\/v2\/comments?post=5685"}],"version-history":[{"count":3,"href":"https:\/\/www.analuizakoehler.com\/becodorosario\/wp-json\/wp\/v2\/pages\/5685\/revisions"}],"predecessor-version":[{"id":5695,"href":"https:\/\/www.analuizakoehler.com\/becodorosario\/wp-json\/wp\/v2\/pages\/5685\/revisions\/5695"}],"wp:featuredmedia":[{"embeddable":true,"href":"https:\/\/www.analuizakoehler.com\/becodorosario\/wp-json\/wp\/v2\/media\/5686"}],"wp:attachment":[{"href":"https:\/\/www.analuizakoehler.com\/becodorosario\/wp-json\/wp\/v2\/media?parent=5685"}],"curies":[{"name":"wp","href":"https:\/\/api.w.org\/{rel}","templated":true}]}}