{"id":5090,"date":"2021-05-25T11:39:40","date_gmt":"2021-05-25T14:39:40","guid":{"rendered":"https:\/\/www.analuizakoehler.com\/becodorosario\/?page_id=5090"},"modified":"2021-05-25T16:19:43","modified_gmt":"2021-05-25T19:19:43","slug":"chave-pix","status":"publish","type":"page","link":"https:\/\/www.analuizakoehler.com\/becodorosario\/chave-pix\/","title":{"rendered":"Ap\u00f3ie"},"content":{"rendered":"<p>Quer apoiar meu trabalho de pesquisa, produ\u00e7\u00e3o de conte\u00fado e quadrinhos? \u00c9 f\u00e1cil!<\/p>\n<p><a href=\"https:\/\/www.analuizakoehler.com\/becodorosario\/wp-content\/uploads\/2021\/05\/Divulgacao-PIX.png\"><img loading=\"lazy\" decoding=\"async\" class=\"aligncenter size-full wp-image-5099\" src=\"https:\/\/www.analuizakoehler.com\/becodorosario\/wp-content\/uploads\/2021\/05\/Divulgacao-PIX.png\" alt=\"\" width=\"950\" height=\"950\" srcset=\"https:\/\/www.analuizakoehler.com\/becodorosario\/wp-content\/uploads\/2021\/05\/Divulgacao-PIX.png 950w, https:\/\/www.analuizakoehler.com\/becodorosario\/wp-content\/uploads\/2021\/05\/Divulgacao-PIX-300x300.png 300w, https:\/\/www.analuizakoehler.com\/becodorosario\/wp-content\/uploads\/2021\/05\/Divulgacao-PIX-150x150.png 150w, https:\/\/www.analuizakoehler.com\/becodorosario\/wp-content\/uploads\/2021\/05\/Divulgacao-PIX-768x768.png 768w, https:\/\/www.analuizakoehler.com\/becodorosario\/wp-content\/uploads\/2021\/05\/Divulgacao-PIX-10x10.png 10w, https:\/\/www.analuizakoehler.com\/becodorosario\/wp-content\/uploads\/2021\/05\/Divulgacao-PIX-432x432.png 432w, https:\/\/www.analuizakoehler.com\/becodorosario\/wp-content\/uploads\/2021\/05\/Divulgacao-PIX-396x396.png 396w, https:\/\/www.analuizakoehler.com\/becodorosario\/wp-content\/uploads\/2021\/05\/Divulgacao-PIX-660x660.png 660w, https:\/\/www.analuizakoehler.com\/becodorosario\/wp-content\/uploads\/2021\/05\/Divulgacao-PIX-220x220.png 220w\" sizes=\"auto, (max-width: 600px) 91vw, (max-width: 900px) 600px, (max-width: 1060px) 50vw, (max-width: 1200px) 520px, (max-width: 1400px) 43vw, 600px\" \/><\/a><\/p>\n<p>Use a chave PIX <strong>ee7d3cd4-dca2-41f3-9bc7-42e54a324487<\/strong><\/p>\n<p>ou o QR Code:<\/p>\n<p><a href=\"https:\/\/www.analuizakoehler.com\/becodorosario\/wp-content\/uploads\/2021\/05\/Chaves-NuBank_QR-code.jpg\"><img loading=\"lazy\" decoding=\"async\" class=\"aligncenter size-full wp-image-5097\" src=\"https:\/\/www.analuizakoehler.com\/becodorosario\/wp-content\/uploads\/2021\/05\/Chaves-NuBank_QR-code.jpg\" alt=\"\" width=\"224\" height=\"225\" srcset=\"https:\/\/www.analuizakoehler.com\/becodorosario\/wp-content\/uploads\/2021\/05\/Chaves-NuBank_QR-code.jpg 224w, https:\/\/www.analuizakoehler.com\/becodorosario\/wp-content\/uploads\/2021\/05\/Chaves-NuBank_QR-code-150x150.jpg 150w, https:\/\/www.analuizakoehler.com\/becodorosario\/wp-content\/uploads\/2021\/05\/Chaves-NuBank_QR-code-10x10.jpg 10w, https:\/\/www.analuizakoehler.com\/becodorosario\/wp-content\/uploads\/2021\/05\/Chaves-NuBank_QR-code-219x220.jpg 219w\" sizes=\"auto, (max-width: 600px) 91vw, (max-width: 900px) 600px, (max-width: 1060px) 50vw, (max-width: 1200px) 520px, (max-width: 1400px) 43vw, 600px\" \/><\/a><\/p>\n<p>Muito obrigada! \ud83d\ude00<\/p>\n","protected":false},"excerpt":{"rendered":"<p>Quer apoiar meu trabalho de pesquisa, produ\u00e7\u00e3o de conte\u00fado e quadrinhos? \u00c9 f\u00e1cil! Use a chave PIX ee7d3cd4-dca2-41f3-9bc7-42e54a324487 ou o QR Code: Muito obrigada! \ud83d\ude00<\/p>\n","protected":false},"author":2,"featured_media":0,"parent":0,"menu_order":0,"comment_status":"closed","ping_status":"closed","template":"","meta":{"ngg_post_thumbnail":0,"footnotes":""},"class_list":["post-5090","page","type-page","status-publish","hentry","entry-image--landscape"],"_links":{"self":[{"href":"https:\/\/www.analuizakoehler.com\/becodorosario\/wp-json\/wp\/v2\/pages\/5090","targetHints":{"allow":["GET"]}}],"collection":[{"href":"https:\/\/www.analuizakoehler.com\/becodorosario\/wp-json\/wp\/v2\/pages"}],"about":[{"href":"https:\/\/www.analuizakoehler.com\/becodorosario\/wp-json\/wp\/v2\/types\/page"}],"author":[{"embeddable":true,"href":"https:\/\/www.analuizakoehler.com\/becodorosario\/wp-json\/wp\/v2\/users\/2"}],"replies":[{"embeddable":true,"href":"https:\/\/www.analuizakoehler.com\/becodorosario\/wp-json\/wp\/v2\/comments?post=5090"}],"version-history":[{"count":6,"href":"https:\/\/www.analuizakoehler.com\/becodorosario\/wp-json\/wp\/v2\/pages\/5090\/revisions"}],"predecessor-version":[{"id":5101,"href":"https:\/\/www.analuizakoehler.com\/becodorosario\/wp-json\/wp\/v2\/pages\/5090\/revisions\/5101"}],"wp:attachment":[{"href":"https:\/\/www.analuizakoehler.com\/becodorosario\/wp-json\/wp\/v2\/media?parent=5090"}],"curies":[{"name":"wp","href":"https:\/\/api.w.org\/{rel}","templated":true}]}}